{"id":306,"date":"2023-11-22T10:06:32","date_gmt":"2023-11-22T09:06:32","guid":{"rendered":"https:\/\/mnogipogledi.si\/?page_id=306"},"modified":"2024-06-03T19:50:30","modified_gmt":"2024-06-03T18:50:30","slug":"heart-and-soul","status":"publish","type":"page","link":"https:\/\/mnogipogledi.si\/?page_id=306","title":{"rendered":"Heart and soul"},"content":{"rendered":"\n<figure class=\"wp-block-image size-full\"><img loading=\"lazy\" decoding=\"async\" width=\"546\" height=\"355\" src=\"https:\/\/mnogipogledi.si\/wp-content\/uploads\/2023\/11\/2022-09-13-193022.jpg\" alt=\"\" class=\"wp-image-315\" srcset=\"https:\/\/mnogipogledi.si\/wp-content\/uploads\/2023\/11\/2022-09-13-193022.jpg 546w, https:\/\/mnogipogledi.si\/wp-content\/uploads\/2023\/11\/2022-09-13-193022-300x195.jpg 300w\" sizes=\"auto, (max-width: 546px) 100vw, 546px\" \/><\/figure>\n\n\n\n<div class=\"wp-block-buttons is-layout-flex wp-block-buttons-is-layout-flex\">\n<div class=\"wp-block-button is-style-outline is-style-outline--1\"><a class=\"wp-block-button__link wp-element-button\" href=\"https:\/\/mnogipogledi.si\/?p=70\"><mark style=\"background-color:rgba(0, 0, 0, 0)\" class=\"has-inline-color has-vivid-cyan-blue-color\">Mnogi pogledi<\/mark><\/a><\/div>\n<\/div>\n\n\n\n<figure class=\"wp-block-image size-full is-resized\"><img loading=\"lazy\" decoding=\"async\" width=\"226\" height=\"223\" src=\"https:\/\/mnogipogledi.si\/wp-content\/uploads\/2023\/11\/images-4.jpg\" alt=\"\" class=\"wp-image-339\" style=\"width:163px;height:auto\" srcset=\"https:\/\/mnogipogledi.si\/wp-content\/uploads\/2023\/11\/images-4.jpg 226w, https:\/\/mnogipogledi.si\/wp-content\/uploads\/2023\/11\/images-4-100x100.jpg 100w\" sizes=\"auto, (max-width: 226px) 100vw, 226px\" \/><\/figure>\n\n\n\n<p><a href=\"https:\/\/www.facebook.com\/mnogipogledi?__tn__=%3C*F\"><\/a><\/p>\n\n\n\n<p><a href=\"https:\/\/www.facebook.com\/mnogipogledi?__tn__=%3C*F\">Na eni strani tehtnice je nastanek&#8212;&#8212;&#8212;&#8212;-na drugi je obstajanje.<br>Nastanek kakor pravilen in \u010dist je &#8212;&#8212;&#8212;-tak\u0161no je tudi obstajanje<\/a>.<\/p>\n\n\n\n<figure class=\"wp-block-image size-full is-resized\"><img loading=\"lazy\" decoding=\"async\" width=\"398\" height=\"317\" src=\"https:\/\/mnogipogledi.si\/wp-content\/uploads\/2023\/11\/ljubezen-nastanka-in-ljubezen-obstajanja.jpg\" alt=\"\" class=\"wp-image-341\" style=\"width:588px;height:auto\" srcset=\"https:\/\/mnogipogledi.si\/wp-content\/uploads\/2023\/11\/ljubezen-nastanka-in-ljubezen-obstajanja.jpg 398w, https:\/\/mnogipogledi.si\/wp-content\/uploads\/2023\/11\/ljubezen-nastanka-in-ljubezen-obstajanja-300x239.jpg 300w\" sizes=\"auto, (max-width: 398px) 100vw, 398px\" \/><\/figure>\n\n\n\n<p>\u201c<strong>Na jednoj strani vagi\u0161ta je stvoreno, &#8212;&#8211; na drugoj postojanje.&nbsp;<\/strong><\/p>\n\n\n\n<p><strong>Kad je stvaranje&nbsp; ispravno i \u010disto,&#8211;takvo je &#8211;tako\u0111er postojanje.\u201d<\/strong><\/p>\n\n\n\n<figure class=\"wp-block-image size-full\"><img loading=\"lazy\" decoding=\"async\" width=\"503\" height=\"432\" src=\"https:\/\/mnogipogledi.si\/wp-content\/uploads\/2023\/11\/241676471_10159644262966055_1180704530100462149_n-3.png\" alt=\"\" class=\"wp-image-328\" srcset=\"https:\/\/mnogipogledi.si\/wp-content\/uploads\/2023\/11\/241676471_10159644262966055_1180704530100462149_n-3.png 503w, https:\/\/mnogipogledi.si\/wp-content\/uploads\/2023\/11\/241676471_10159644262966055_1180704530100462149_n-3-300x258.png 300w\" sizes=\"auto, (max-width: 503px) 100vw, 503px\" \/><\/figure>\n\n\n\n<h1 class=\"wp-block-heading\"><strong><mark style=\"background-color:rgba(0, 0, 0, 0)\" class=\"has-inline-color has-vivid-cyan-blue-color\">Edino, \u010de \u010dlovek ohrani in izpolnjuje bistveno,<br>bo ohranil tudi sre\u010dno srce.<br>Ni \u010dloveka, ki ne bi ustvarjal nekaj.<br>Kak\u0161en navdih tak\u0161no ustvarjanje.<br>Ne lepota no\u010di,<br>ne lepota dneva,<br>ne ko nekaj obo\u017eujemo,<br>ne morejo opisati<br>brezpogojne ljubezni.<br>V brezpogojni ljubezni,<br>opu\u0161\u010damo pozemeljsko slo k duhovnemu,<br>takrat na edini pravi na\u010din k duhovnemu rasemo,<br>s tem pa, ko odmaknemo vse zablode, la\u017ei, zamere in sodbe,<br>na pravi na\u010din vstopimo v ti\u0161ino,<br>v kateri biva in se vsem razodeva ljubezen.<\/mark><\/strong><\/h1>\n\n\n\n<figure class=\"wp-block-image size-full is-resized\"><img loading=\"lazy\" decoding=\"async\" width=\"712\" height=\"521\" src=\"https:\/\/mnogipogledi.si\/wp-content\/uploads\/2023\/11\/2023-11-29-232625.png\" alt=\"\" class=\"wp-image-347\" style=\"width:977px;height:auto\" srcset=\"https:\/\/mnogipogledi.si\/wp-content\/uploads\/2023\/11\/2023-11-29-232625.png 712w, https:\/\/mnogipogledi.si\/wp-content\/uploads\/2023\/11\/2023-11-29-232625-300x220.png 300w\" sizes=\"auto, (max-width: 712px) 100vw, 712px\" \/><\/figure>\n\n\n\n<div class=\"wp-block-group\"><div class=\"wp-block-group__inner-container is-layout-constrained wp-block-group-is-layout-constrained\">\n<div class=\"wp-block-columns is-layout-flex wp-container-core-columns-is-layout-9d6595d7 wp-block-columns-is-layout-flex\">\n<div class=\"wp-block-column is-layout-flow wp-block-column-is-layout-flow\" style=\"flex-basis:100%\">\n<div class=\"wp-block-group\"><div class=\"wp-block-group__inner-container is-layout-constrained wp-block-group-is-layout-constrained\"><ul class=\"wp-block-page-list\"><li class=\"wp-block-pages-list__item\"><a class=\"wp-block-pages-list__item__link\" href=\"https:\/\/mnogipogledi.si\/?page_id=306\">Heart and soul<\/a><\/li><li class=\"wp-block-pages-list__item\"><a class=\"wp-block-pages-list__item__link\" href=\"https:\/\/mnogipogledi.si\/?page_id=3\">Tao son<\/a><\/li><\/ul><\/div><\/div>\n<\/div>\n<\/div>\n\n\n\n<figure class=\"wp-block-image size-full\"><img loading=\"lazy\" decoding=\"async\" width=\"416\" height=\"378\" src=\"https:\/\/mnogipogledi.si\/wp-content\/uploads\/2024\/06\/Posnetek-zaslona-2024-06-03-202033.png\" alt=\"\" class=\"wp-image-353\" srcset=\"https:\/\/mnogipogledi.si\/wp-content\/uploads\/2024\/06\/Posnetek-zaslona-2024-06-03-202033.png 416w, https:\/\/mnogipogledi.si\/wp-content\/uploads\/2024\/06\/Posnetek-zaslona-2024-06-03-202033-300x273.png 300w\" sizes=\"auto, (max-width: 416px) 100vw, 416px\" \/><\/figure>\n\n\n\n<h1><span style=\"color: #00ccff;\">Nebo <\/span><\/h1>\n<h1>\u00a0<\/h1>\n<h1><span style=\"color: #c78c3a;\">Zemlja<\/span><\/h1>\n<\/p>\n<\/div><\/div>\n\n\n\n<div class=\"wp-block-group\"><div class=\"wp-block-group__inner-container is-layout-constrained wp-block-group-is-layout-constrained\">\n<div class=\"wp-block-group\"><div class=\"wp-block-group__inner-container is-layout-constrained wp-block-group-is-layout-constrained\">\n<figure class=\"wp-block-image size-full is-resized\"><img loading=\"lazy\" decoding=\"async\" width=\"170\" height=\"113\" src=\"https:\/\/mnogipogledi.si\/wp-content\/uploads\/2024\/06\/2023110618080853_1.jpg\" alt=\"\" class=\"wp-image-354\" style=\"width:418px;height:auto\"\/><\/figure>\n<\/div><\/div>\n\n\n\n<h1><span style=\"color: #00a6ff;\"><strong>Redki ljudi su postali bolji na takav na\u010din da nikada nisu \u017eeleli biti bolji od drugih. Delom to \u010dovjek ostvaruje, biti potpuno posve\u0107en \u00a0i takav, u svakom pogledu je jedini cilj za po\u010detak dobrog i potpuni kraj lo\u0161eg.<\/strong><\/span><\/h1>\n<h1><span style=\"color: #00a6ff;\"><strong>Me\u0111utim, nikome ne zamjerajmo. Svijet oko nas, koji bi trebao biti mjesto gdje se stvaraju osnove za \u017eivot, \u010desto u\u010di i preporu\u010duje ne\u0161to drugo.<\/strong><\/span><\/h1>\n<h1><span style=\"color: #00a6ff;\"><strong>Ne tvrdim da \u00a0ne treba \u00a0da se, jaka \u00a0bit i bi\u0107e \u00a0isku\u0161ava- proverava, dali je dobro, podobno za pravi \u017eivot i put, ali i tu sam za, da je to \u00a0isku\u0161avanje-proveravanje, zaista kako treba biti, bez ikakvih zloupotreba \u00a0\u0161to se toga ti\u010de i svega ostalog.<\/strong><\/span><\/h1>\n<h1><span style=\"color: #00a6ff;\"><strong>Redki ljudi su postali bolji na tako prirodan i po\u0161ten na\u010din iz svoje su\u0161tine, da nikada ne \u017eele samo dokazivati, da su bolji od drugih.<\/strong><\/span><\/h1>\n<h1><span style=\"color: #00a6ff;\"><strong>Mnogi ljudi poku\u0161avaju postati savr\u0161eni na pogre\u0161an na\u010din, i upravo na tom putu prema njihovoj prividnoj savr\u0161enosti, zbog svog temeljnog neznanja, nanose mnogo zla sebi i drugima.<\/strong><\/span><\/h1>\n<h1><span style=\"color: #00a6ff;\"><strong>Samo u tihoj, nenasilnoj ljubavi prema savr\u0161enstvu, \u010dovjek jednog dana postaje toliko dobar, da razumije svu nepotpunost, u svom izvornom obliku i istini, i da drugima bude od pomo\u0107i.<\/strong><\/span><\/h1>\n<h1><span style=\"color: #00a6ff;\"><strong>Tako je dobar, da ne treba nepotpunog \u010dovjeka, kako bi dokazao svoju nadmo\u0107 i dobra djela.<\/strong><\/span><\/h1>\n<h1><span style=\"color: #00a6ff;\"><strong>Zna, da je upravo obi\u010dan \u010dovjek taj, koji odr\u017eava kraljevstvo.<\/strong><\/span><\/h1>\n<h1><span style=\"color: #00a6ff;\"><strong>Ne treba mu nepotpun \u010dovjek, kako bi dokazao svoja dobra djela. \u010cista ljubav ne zahtijeva od drugih da budu savr\u0161eni na takav na\u010din. Ona ne\u0107e natjecati se s drugima, razumjet \u0107e nepotpunog \u010dovjeka, i mo\u0107i mu pru\u017eiti pravu pomo\u0107.<\/strong><\/span><\/h1>\n<h1><span style=\"color: #00a6ff;\"><strong>U kraljevstvu ima mnogo obi\u010dnih ljudi. Samo ako ve\u0107ina bude svjesno dobra, krunisat \u0107e i takvog kralja.<\/strong><\/span><\/h1>\n<h1><span style=\"color: #00a6ff;\"><strong>Nebo i zemlja bit \u0107e u redu. Bi\u0107a \u0107e se uzdizati s \u010distim srcem iz ljubavnog jutarnjeg rosi\u0161ta.<\/strong><\/span><\/h1>\n<h1><span style=\"color: #00a6ff;\"><strong>Suze ne\u0107e biti ni preslane ni premalo slane. Tuga i \u017eivot ne\u0107e biti mu\u010denje ni na koji na\u010din. Radost svakog cjelovitog srca ne\u0107e to uni\u0161titi.<\/strong><\/span><\/h1>\n<h1><span style=\"color: #3366ff;\">Redki ljudje so postali na tak na\u010din bolj\u0161i, da si nikoli ob tem niso po\u017eeleli biti bolj\u0161i od drugih.<\/span><\/h1>\n<h1><span style=\"color: #3366ff;\">Delno to \u010dlovek sicer izpolnjuje, to biti res vdano v vsakem oziru, tu in v tem je pa res edini za\u010detek dobrega in totalen konec slabega.<\/span><\/h1>\n<h1><span style=\"color: #3366ff;\">Vendar nikar komu kaj o\u010ditati, saj veste svet okolje, ki bi moralo biti temu, kjer se ustvarjajo osnove za \u017eivljenje res blagodejno, u\u010di in priporo\u010da vse drugo.<\/span><\/h1>\n<h1><span style=\"color: #3366ff;\">Ne re\u010dem za utrjeno bit, da se preizku\u0161a, pa \u0161e tu sem za popolnoma prav, kar se ti\u010de tega in tudi vsega.<\/span><\/h1>\n<h1><span style=\"color: #3366ff;\">Redki ljudje so postali bolj\u0161i na tako naraven in po\u0161ten na\u010din iz dna biti, da si nikoli ne po\u017eelijo samo dokazovanja biti bolj\u0161i od drugih.<\/span><\/h1>\n<h1><span style=\"color: #3366ff;\">Mnogo je ljudi, ki na nepravilen na\u010din posku\u0161ajo postati popolni in ravno na tej poti k svoji navidezni popolnosti, zaradi svoje temeljne nevednosti, povzro\u010dijo mnogo zla sebi in drugim.<\/span><\/h1>\n<h1><span style=\"color: #3366ff;\">Le v tihem nenasilnem ljube\u010dem hrepenenju, k popolnosti, \u010dlovek nekega dne postane tako dober, da razume vso nepopolnost, v vsej njeni izvirnosti in resnici in je ljudem le v pomo\u010d.<\/span><\/h1>\n<h1><span style=\"color: #3366ff;\">Tako je dober, da ne potrebuje nepopolnega \u010dloveka zato, da bi na njem dokazoval svojo bolj\u0161ost in dobra dela, ampak ve, da je ravno enostavni \u010dlovek ta, ki vzdr\u017euje kraljestvo.<\/span><\/h1>\n<h1><span style=\"color: #3366ff;\">Ne potrebuje nepopolnega \u010dloveka, da bi na njem dokazoval svoja dobra dejanja, ampak je \u010dista ljubezen, da od drugih ne zahteva na tak\u0161ne na\u010dine popolnosti, le ta ne bo tekmoval z drugimi, bo razumel nepopolnega \u010dloveka mu bo lahko v pravo pomo\u010d.<\/span><\/h1>\n<h1><span style=\"color: #3366ff;\">V kraljestvu je mnogo enostavnih ljudi.<\/span><\/h1>\n<h1><span style=\"color: #3366ff;\">Le \u010de je ta ve\u010dina zavestna dobra, bo kronala tudi takega kralja.<\/span><\/h1>\n<h1><span style=\"color: #3366ff;\">Nebo in zemlja bosta v redu, bitja vstajala \u010distega srca iz ljube\u010de jutranje rose, solze ne bodo preslane ne prelahkotne, \u017ealost in \u017eivljenje, pa ne bo v nobenem oziru trpin\u010denje, veselje vsakega celostnega srca, pa ne bo tega uni\u010devalo-<\/span><\/h1>\n<h1>\u00a0<\/h1>\n<h1>\u00a0<\/h1>\n\n\n\n<figure class=\"wp-block-image size-full\"><img loading=\"lazy\" decoding=\"async\" width=\"523\" height=\"414\" src=\"https:\/\/mnogipogledi.si\/wp-content\/uploads\/2024\/06\/Slika1.png\" alt=\"\" class=\"wp-image-355\" srcset=\"https:\/\/mnogipogledi.si\/wp-content\/uploads\/2024\/06\/Slika1.png 523w, https:\/\/mnogipogledi.si\/wp-content\/uploads\/2024\/06\/Slika1-300x237.png 300w\" sizes=\"auto, (max-width: 523px) 100vw, 523px\" \/><\/figure>\n<\/div><\/div>\n\n\n\n<!--more-->\n","protected":false},"excerpt":{"rendered":"<p>Na eni strani tehtnice je nastanek&#8212;&#8212;&#8212;&#8212;-na drugi je obstajanje.Nastanek kakor pravilen in \u010dist je &#8212;&#8212;&#8212;-tak\u0161no je tudi obstajanje. \u201cNa jednoj strani vagi\u0161ta je stvoreno, &#8212;&#8211; na drugoj postojanje.&nbsp; Kad je stvaranje&nbsp; ispravno i \u010disto,&#8211;takvo je &#8211;tako\u0111er postojanje.\u201d Edino, \u010de \u010dlovek ohrani in izpolnjuje bistveno,bo ohranil tudi sre\u010dno srce.Ni \u010dloveka, ki ne bi ustvarjal nekaj.Kak\u0161en navdih &hellip; <\/p>\n<p class=\"link-more\"><a href=\"https:\/\/mnogipogledi.si\/?page_id=306\" class=\"more-link\">Preberi ve\u010d<span class=\"screen-reader-text\"> &#8220;Heart and soul&#8221;<\/span><\/a><\/p>\n","protected":false},"author":1,"featured_media":0,"parent":0,"menu_order":0,"comment_status":"closed","ping_status":"closed","template":"","meta":{"footnotes":""},"class_list":["post-306","page","type-page","status-publish","hentry"],"_links":{"self":[{"href":"https:\/\/mnogipogledi.si\/index.php?rest_route=\/wp\/v2\/pages\/306","targetHints":{"allow":["GET"]}}],"collection":[{"href":"https:\/\/mnogipogledi.si\/index.php?rest_route=\/wp\/v2\/pages"}],"about":[{"href":"https:\/\/mnogipogledi.si\/index.php?rest_route=\/wp\/v2\/types\/page"}],"author":[{"embeddable":true,"href":"https:\/\/mnogipogledi.si\/index.php?rest_route=\/wp\/v2\/users\/1"}],"replies":[{"embeddable":true,"href":"https:\/\/mnogipogledi.si\/index.php?rest_route=%2Fwp%2Fv2%2Fcomments&post=306"}],"version-history":[{"count":14,"href":"https:\/\/mnogipogledi.si\/index.php?rest_route=\/wp\/v2\/pages\/306\/revisions"}],"predecessor-version":[{"id":358,"href":"https:\/\/mnogipogledi.si\/index.php?rest_route=\/wp\/v2\/pages\/306\/revisions\/358"}],"wp:attachment":[{"href":"https:\/\/mnogipogledi.si\/index.php?rest_route=%2Fwp%2Fv2%2Fmedia&parent=306"}],"curies":[{"name":"wp","href":"https:\/\/api.w.org\/{rel}","templated":true}]}}